{"id":37,"date":"2024-10-14T18:21:56","date_gmt":"2024-10-14T18:21:56","guid":{"rendered":"https:\/\/lesamisreunis.org\/?page_id=37"},"modified":"2024-10-14T18:21:56","modified_gmt":"2024-10-14T18:21:56","slug":"nasze-wartosci","status":"publish","type":"page","link":"https:\/\/lesamisreunis.org\/index.php\/nasze-wartosci\/","title":{"rendered":"Nasze warto\u015bci"},"content":{"rendered":"\n<p>G\u2234L\u2234C\u2234S\u2234 twierdzi, \u017ce tradycja, dorobek kulturowy, pogl\u0105dy i zasady Ruchu Wolnomularstwa Powszechnego daj\u0105 si\u0119 pogodzi\u0107 z wymogami wsp\u00f3\u0142czesnego \u015bwiata.<\/p>\n\n\n\n<p>G\u2234L\u2234C\u2234S\u2234 utrzymuje, \u017ce kierowanie si\u0119 sumieniem wymaga wiedzy, \u017ce przestrzegaj\u0105c regu\u0142 nale\u017cy stara\u0107 si\u0119 o ich zrozumienie oraz okazywa\u0107 zainteresowanie, i \u017ce nauka powinna trwa\u0107 przez ca\u0142e \u017cycie.<\/p>\n\n\n\n<p>G\u2234L\u2234C\u2234S\u2234 zachowuje nieustann\u0105 wi\u0119\u017a ze wszystkimi Wolnomularzami wszystkich czas\u00f3w, kt\u00f3rym zawdzi\u0119cza swoje przekonania i dzi\u0119ki czemu zachowuje \u017cywotno\u015b\u0107, czerpi\u0105c z m\u0105dro\u015bci wszelkich Mistrz\u00f3w, pocz\u0105wszy od operatywnych pocz\u0105tk\u00f3w Wolnomularstwa. Zach\u0119ca do studi\u00f3w krytycznych nad Wolnomularstwem, a niekiedy nawet do podwa\u017cania jego ksi\u0105g i tradycji; My\u015bl Wolnomularsk\u0105 nale\u017cy poddawa\u0107 refleksji uwzgl\u0119dniaj\u0105cej wsp\u00f3\u0142czesne warunki.<\/p>\n\n\n\n<p>G\u2234L\u2234C\u2234S\u2234 studiuje teksty za\u0142o\u017cycielskie oraz wywodz\u0105ce si\u0119 z nich zwyczaje i obrz\u0119dy, rozpatruj\u0105c je w perspektywie podstawowego celu, jakim jest Moralne i Intelektualne Doskonalenie Ludzko\u015bci.<\/p>\n\n\n\n<p>G\u2234L\u2234C\u2234S\u2234 jest otwarta na wszystkich i wszystkie, kt\u00f3rzy, bez wzgl\u0119du na przekonania i pochodzenie, chc\u0105 si\u0119 w dobrej wierze do niej przy\u0142\u0105czy\u0107.<\/p>\n\n\n\n<p>G\u2234L\u2234C\u2234S\u2234 g\u0142osi wa\u017cno\u015b\u0107 i konieczno\u015b\u0107 dialogu z osobami o odmiennych pogl\u0105dach oraz domaga si\u0119 uznania zupe\u0142nej r\u00f3wno\u015bci m\u0119\u017cczyzn i kobiet we wszystkich przejawach \u017cycia (zar\u00f3wno wolnomularskiego jak profa\u0144skiego).<\/p>\n\n\n\n<p>G\u2234L\u2234C\u2234S\u2234 obrazuje wolnomularski pluralizm czas\u00f3w obecnych: wyczulenie na r\u00f3\u017cnorodne sprawy, rozmaite podej\u015bcie do zwyczaj\u00f3w i rytua\u0142\u00f3w.<\/p>\n\n\n\n<p>G\u2234L\u2234C\u2234S\u2234 jest \u015bwiat\u0142ym ruchem, w kt\u00f3rym szanuje si\u0119 osobiste wybory ka\u017cdej osoby.<\/p>\n\n\n\n<p>G\u2234L\u2234C\u2234S\u2234 jest obediencj\u0105, w kt\u00f3rej Duch Wolnomularstwa jest \u017cywy i czynny, i kt\u00f3ra przywi\u0105zuje najwy\u017csz\u0105 wag\u0119 do wychowania, kszta\u0142cenia i studi\u00f3w.<\/p>\n\n\n\n<p>G\u2234L\u2234C\u2234S\u2234 twierdzi, \u017ce aby sta\u0107 si\u0119 wolnomularzem, nie wystarczy jedynie Inicjacja, ale \u017ce osi\u0105ga si\u0119 to wskutek przekazu, i \u017ce ka\u017cdy, kto osi\u0105gn\u0105\u0142 jaki\u015b poziom wiedzy, mo\u017ce jej naucza\u0107 i przekazywa\u0107 j\u0105 innym.<\/p>\n\n\n\n<p>G\u2234L\u2234C\u2234S\u2234 domaga si\u0119 osobistego zaanga\u017cowania we wszelkie godziwe sprawy,&nbsp;solidarno\u015bci z najbardziej potrzebuj\u0105cymi, jak r\u00f3wnie\u017c wspierania prawa, sprawiedliwo\u015bci i \u015bwiecko\u015bci, co stanowi istot\u0119 bycia wolnomularzem.<\/p>\n\n\n\n<p>G\u2234L\u2234C\u2234S\u2234 tworzy spo\u0142eczno\u015b\u0107 kobiet i m\u0119\u017cczyzn, w kt\u00f3rej obowi\u0105zuje bezwzgl\u0119dna r\u00f3wno\u015b\u0107 mi\u0119dzy wszystkimi jej cz\u0142onkami i cz\u0142onkiniami, bez wzgl\u0119du na ich do\u015bwiadczenie i wiedz\u0119, dziedzictwo kulturowe lub pochodzenie spo\u0142eczne, a kt\u00f3rej celem jest wsp\u00f3lne wytyczanie dr\u00f3g Wolnomularstwa wsp\u00f3\u0142czesnego i przysz\u0142ego.<\/p>\n","protected":false},"excerpt":{"rendered":"<p>G\u2234L\u2234C\u2234S\u2234 twierdzi, \u017ce tradycja, dorobek kulturowy, pogl\u0105dy i zasady Ruchu Wolnomularstwa Powszechnego daj\u0105 si\u0119 pogodzi\u0107 z wymogami wsp\u00f3\u0142czesnego \u015bwiata. G\u2234L\u2234C\u2234S\u2234 utrzymuje, \u017ce kierowanie si\u0119 sumieniem wymaga wiedzy, \u017ce przestrzegaj\u0105c regu\u0142 nale\u017cy stara\u0107 si\u0119 o ich zrozumienie oraz okazywa\u0107 zainteresowanie, i &hellip; <a href=\"https:\/\/lesamisreunis.org\/index.php\/nasze-wartosci\/\">Czytaj dalej <span class=\"meta-nav\">&rarr;<\/span><\/a><\/p>\n","protected":false},"author":1,"featured_media":0,"parent":0,"menu_order":0,"comment_status":"closed","ping_status":"closed","template":"","meta":{"footnotes":""},"class_list":["post-37","page","type-page","status-publish","hentry"],"_links":{"self":[{"href":"https:\/\/lesamisreunis.org\/index.php\/wp-json\/wp\/v2\/pages\/37","targetHints":{"allow":["GET"]}}],"collection":[{"href":"https:\/\/lesamisreunis.org\/index.php\/wp-json\/wp\/v2\/pages"}],"about":[{"href":"https:\/\/lesamisreunis.org\/index.php\/wp-json\/wp\/v2\/types\/page"}],"author":[{"embeddable":true,"href":"https:\/\/lesamisreunis.org\/index.php\/wp-json\/wp\/v2\/users\/1"}],"replies":[{"embeddable":true,"href":"https:\/\/lesamisreunis.org\/index.php\/wp-json\/wp\/v2\/comments?post=37"}],"version-history":[{"count":1,"href":"https:\/\/lesamisreunis.org\/index.php\/wp-json\/wp\/v2\/pages\/37\/revisions"}],"predecessor-version":[{"id":38,"href":"https:\/\/lesamisreunis.org\/index.php\/wp-json\/wp\/v2\/pages\/37\/revisions\/38"}],"wp:attachment":[{"href":"https:\/\/lesamisreunis.org\/index.php\/wp-json\/wp\/v2\/media?parent=37"}],"curies":[{"name":"wp","href":"https:\/\/api.w.org\/{rel}","templated":true}]}}