{"id":2,"date":"2024-09-24T17:39:32","date_gmt":"2024-09-24T17:39:32","guid":{"rendered":"http:\/\/gqichjb.cluster027.hosting.ovh.net\/?page_id=2"},"modified":"2024-10-14T18:19:34","modified_gmt":"2024-10-14T18:19:34","slug":"about-us","status":"publish","type":"page","link":"https:\/\/lesamisreunis.org\/index.php\/about-us\/","title":{"rendered":"O nas"},"content":{"rendered":"\n<p>Witamy w Les Amis R\u00e9unis. Jeste\u015bmy ma\u0142\u0105 cz\u0119\u015bci\u0105 GLCS, z Lo\u017c\u0105 za\u0142o\u017cycielsk\u0105 we Francji, z siedzib\u0105 tutaj w Irlandii.<\/p>\n\n\n\n<p>Wolnomularstwo jest osobistym wyborem i nie mo\u017cna go rozpocz\u0105\u0107 bez zobowi\u0105zania si\u0119 do podstawowych i trwa\u0142ych zasad pozytywnej ludzkiej wsp\u00f3lnoty. Cz\u0119sto rz\u0105dy prawa mog\u0105 zosta\u0107 naruszone, a wyniki pozostawiaj\u0105 luki w tym, co sprawiedliwo\u015b\u0107 pr\u00f3buje osi\u0105gn\u0105\u0107. GLCS i Les Amis R\u00e9unis jako cz\u0119\u015b\u0107 wi\u0119kszej wsp\u00f3lnoty Maso\u0144skiej s\u0105 oddane d\u0105\u017ceniu Wolnomularstwa do podtrzymywania Rytua\u0142u, Regu\u0142 oraz uczciwej i prawid\u0142owej praktyki post\u0119powania maso\u0144skiego. <\/p>\n\n\n\n<p>Staraj\u0105c si\u0119 wykona\u0107 to zadanie, postawili\u015bmy sobie wyzwanie skupienia si\u0119 na znaczeniu tradycji maso\u0144skich ustanowionych na d\u0142ugo przed nami. Aby uhonorowa\u0107 wielkich m\u0119\u017cczyzn i kobiety, kt\u00f3rzy po\u0142o\u017cyli podwaliny pod Rytua\u0142 i Prawo maso\u0144skie. Aby utrzyma\u0107, ale tak\u017ce rozwija\u0107 idea\u0142y, kt\u00f3re g\u0142osili. Nasza lo\u017ca jest otwarta zar\u00f3wno dla m\u0119\u017cczyzn, jak i kobiet. Jeste\u015bmy wielonarodowi i wielokulturowi i witamy wszystkich, kt\u00f3rzy wierz\u0105 w si\u0142\u0119 i wspania\u0142omy\u015blno\u015b\u0107 ludzkiej egzystencji i kole\u017ce\u0144stwa. <\/p>\n\n\n\n<p>Dzi\u0119kujemy GLCS za uznanie naszego szacunku, wytrwa\u0142o\u015bci i indywidualnego zaanga\u017cowania naszych cz\u0142onk\u00f3w w podr\u00f3\u017c maso\u0144sk\u0105. Masoneria to \u015bcie\u017cka, kt\u00f3ra wije si\u0119 od Ucznia do Czeladnika i ostatecznie do Mistrza, ale nawet z Mistrzem Masonem \u015bcie\u017cka staje si\u0119 d\u0142u\u017csza, a praca trwa. Wolnomularstwo to t\u0119tni\u0105ce \u017cyciem i ekscytuj\u0105ce d\u0105\u017cenie z oczekiwaniami i wynikami tak rozleg\u0142ymi jak ca\u0142a ludzko\u015b\u0107.<\/p>\n\n\n\n<p><\/p>\n\n\n\n<p><\/p>\n\n\n\n<p>Kontakt: lesamisreunisglcs@gmail.com<\/p>\n","protected":false},"excerpt":{"rendered":"<p>Witamy w Les Amis R\u00e9unis. Jeste\u015bmy ma\u0142\u0105 cz\u0119\u015bci\u0105 GLCS, z Lo\u017c\u0105 za\u0142o\u017cycielsk\u0105 we Francji, z siedzib\u0105 tutaj w Irlandii. Wolnomularstwo jest osobistym wyborem i nie mo\u017cna go rozpocz\u0105\u0107 bez zobowi\u0105zania si\u0119 do podstawowych i trwa\u0142ych zasad pozytywnej ludzkiej wsp\u00f3lnoty. Cz\u0119sto &hellip; <a href=\"https:\/\/lesamisreunis.org\/index.php\/about-us\/\">Czytaj dalej <span class=\"meta-nav\">&rarr;<\/span><\/a><\/p>\n","protected":false},"author":1,"featured_media":0,"parent":0,"menu_order":0,"comment_status":"closed","ping_status":"open","template":"","meta":{"footnotes":""},"class_list":["post-2","page","type-page","status-publish","hentry"],"_links":{"self":[{"href":"https:\/\/lesamisreunis.org\/index.php\/wp-json\/wp\/v2\/pages\/2","targetHints":{"allow":["GET"]}}],"collection":[{"href":"https:\/\/lesamisreunis.org\/index.php\/wp-json\/wp\/v2\/pages"}],"about":[{"href":"https:\/\/lesamisreunis.org\/index.php\/wp-json\/wp\/v2\/types\/page"}],"author":[{"embeddable":true,"href":"https:\/\/lesamisreunis.org\/index.php\/wp-json\/wp\/v2\/users\/1"}],"replies":[{"embeddable":true,"href":"https:\/\/lesamisreunis.org\/index.php\/wp-json\/wp\/v2\/comments?post=2"}],"version-history":[{"count":4,"href":"https:\/\/lesamisreunis.org\/index.php\/wp-json\/wp\/v2\/pages\/2\/revisions"}],"predecessor-version":[{"id":36,"href":"https:\/\/lesamisreunis.org\/index.php\/wp-json\/wp\/v2\/pages\/2\/revisions\/36"}],"wp:attachment":[{"href":"https:\/\/lesamisreunis.org\/index.php\/wp-json\/wp\/v2\/media?parent=2"}],"curies":[{"name":"wp","href":"https:\/\/api.w.org\/{rel}","templated":true}]}}